{"id":2,"date":"2026-02-19T11:51:31","date_gmt":"2026-02-19T11:51:31","guid":{"rendered":"https:\/\/vepaldop.pt\/?page_id=2"},"modified":"2026-02-20T11:35:40","modified_gmt":"2026-02-20T11:35:40","slug":"sample-page","status":"publish","type":"page","link":"https:\/\/vepaldop.pt\/","title":{"rendered":"VEPALDOP &#8211; UNIP. LDA"},"content":{"rendered":"\n<div class=\"wp-block-cover\" style=\"min-height:495px;aspect-ratio:unset;\"><img alt=\"\" loading=\"lazy\" decoding=\"async\" width=\"473\" height=\"474\" class=\"wp-block-cover__image-background wp-image-19\" alt=\"\" src=\"https:\/\/vepaldop.pt\/wp-content\/uploads\/2026\/02\/vepaldop.jpg\" data-object-fit=\"cover\" srcset=\"https:\/\/vepaldop.pt\/wp-content\/uploads\/2026\/02\/vepaldop.jpg 473w, https:\/\/vepaldop.pt\/wp-content\/uploads\/2026\/02\/vepaldop-300x300.jpg 300w, https:\/\/vepaldop.pt\/wp-content\/uploads\/2026\/02\/vepaldop-150x150.jpg 150w\" sizes=\"auto, (max-width: 473px) 100vw, 473px\" \/><span aria-hidden=\"true\" class=\"wp-block-cover__background has-background-dim\"><\/span><div class=\"wp-block-cover__inner-container is-layout-flow wp-block-cover-is-layout-flow\">\n<p class=\"has-text-align-center has-large-font-size\"><\/p>\n<\/div><\/div>\n\n\n\n<p class=\"has-large-font-size\"><strong>Este website encontra-se temporariamente em manuten\u00e7\u00e3o.<\/strong><\/p>\n\n\n\n<p class=\"has-medium-font-size\"><strong><br>Estamos a trabalhar para lan\u00e7ar uma nova vers\u00e3o otimizada e mais completa.<\/strong><\/p>\n\n\n\n<p class=\"has-medium-font-size\"><br><strong>Fique atento \u00e0s novidades!<\/strong><\/p>\n\n\n\n<p><\/p>\n\n\n\n<p><\/p>\n","protected":false},"excerpt":{"rendered":"<p>Este website encontra-se temporariamente em manuten\u00e7\u00e3o. Estamos a trabalhar para lan\u00e7ar uma nova vers\u00e3o otimizada e mais completa. Fique atento [&hellip;]<\/p>\n","protected":false},"author":1,"featured_media":19,"parent":0,"menu_order":0,"comment_status":"closed","ping_status":"closed","template":"","meta":{"_seopress_robots_primary_cat":"","_seopress_titles_title":"","_seopress_titles_desc":"","_seopress_robots_index":"","pagelayer_contact_templates":[],"_pagelayer_content":"","site-sidebar-layout":"default","site-content-layout":"","ast-site-content-layout":"default","site-content-style":"default","site-sidebar-style":"default","ast-global-header-display":"","ast-banner-title-visibility":"","ast-main-header-display":"","ast-hfb-above-header-display":"","ast-hfb-below-header-display":"","ast-hfb-mobile-header-display":"","site-post-title":"disabled","ast-breadcrumbs-content":"","ast-featured-img":"disabled","footer-sml-layout":"","ast-disable-related-posts":"","theme-transparent-header-meta":"","adv-header-id-meta":"","stick-header-meta":"","header-above-stick-meta":"","header-main-stick-meta":"","header-below-stick-meta":"","astra-migrate-meta-layouts":"default","ast-page-background-enabled":"default","ast-page-background-meta":{"desktop":{"background-color":"var(--ast-global-color-5)","background-image":"","background-repeat":"repeat","background-position":"center center","background-size":"auto","background-attachment":"scroll","background-type":"","background-media":"","overlay-type":"","overlay-color":"","overlay-opacity":"","overlay-gradient":""},"tablet":{"background-color":"","background-image":"","background-repeat":"repeat","background-position":"center center","background-size":"auto","background-attachment":"scroll","background-type":"","background-media":"","overlay-type":"","overlay-color":"","overlay-opacity":"","overlay-gradient":""},"mobile":{"background-color":"","background-image":"","background-repeat":"repeat","background-position":"center center","background-size":"auto","background-attachment":"scroll","background-type":"","background-media":"","overlay-type":"","overlay-color":"","overlay-opacity":"","overlay-gradient":""}},"ast-content-background-meta":{"desktop":{"background-color":"var(--ast-global-color-4)","background-image":"","background-repeat":"repeat","background-position":"center center","background-size":"auto","background-attachment":"scroll","background-type":"","background-media":"","overlay-type":"","overlay-color":"","overlay-opacity":"","overlay-gradient":""},"tablet":{"background-color":"var(--ast-global-color-4)","background-image":"","background-repeat":"repeat","background-position":"center center","background-size":"auto","background-attachment":"scroll","background-type":"","background-media":"","overlay-type":"","overlay-color":"","overlay-opacity":"","overlay-gradient":""},"mobile":{"background-color":"var(--ast-global-color-4)","background-image":"","background-repeat":"repeat","background-position":"center center","background-size":"auto","background-attachment":"scroll","background-type":"","background-media":"","overlay-type":"","overlay-color":"","overlay-opacity":"","overlay-gradient":""}},"footnotes":""},"class_list":["post-2","page","type-page","status-publish","has-post-thumbnail","hentry"],"_links":{"self":[{"href":"https:\/\/vepaldop.pt\/index.php\/wp-json\/wp\/v2\/pages\/2","targetHints":{"allow":["GET"]}}],"collection":[{"href":"https:\/\/vepaldop.pt\/index.php\/wp-json\/wp\/v2\/pages"}],"about":[{"href":"https:\/\/vepaldop.pt\/index.php\/wp-json\/wp\/v2\/types\/page"}],"author":[{"embeddable":true,"href":"https:\/\/vepaldop.pt\/index.php\/wp-json\/wp\/v2\/users\/1"}],"replies":[{"embeddable":true,"href":"https:\/\/vepaldop.pt\/index.php\/wp-json\/wp\/v2\/comments?post=2"}],"version-history":[{"count":6,"href":"https:\/\/vepaldop.pt\/index.php\/wp-json\/wp\/v2\/pages\/2\/revisions"}],"predecessor-version":[{"id":28,"href":"https:\/\/vepaldop.pt\/index.php\/wp-json\/wp\/v2\/pages\/2\/revisions\/28"}],"wp:featuredmedia":[{"embeddable":true,"href":"https:\/\/vepaldop.pt\/index.php\/wp-json\/wp\/v2\/media\/19"}],"wp:attachment":[{"href":"https:\/\/vepaldop.pt\/index.php\/wp-json\/wp\/v2\/media?parent=2"}],"curies":[{"name":"wp","href":"https:\/\/api.w.org\/{rel}","templated":true}]}}